{"id":366,"date":"2022-02-17T11:46:24","date_gmt":"2022-02-17T11:46:24","guid":{"rendered":"https:\/\/frangaoassado.com.br\/?page_id=366"},"modified":"2023-06-03T11:15:39","modified_gmt":"2023-06-03T14:15:39","slug":"home","status":"publish","type":"page","link":"https:\/\/frangaoassado.com.br\/","title":{"rendered":"Home"},"content":{"rendered":"\n<div class=\"wp-block-uagb-container uagb-block-e428efd5 alignfull uagb-is-root-container\">\n<p class=\"has-text-align-center has-ast-global-color-2-color has-ffffff-background-color has-text-color has-background has-large-font-size\"><strong>O novo site do Frang\u00e3o Assado est\u00e1 em contru\u00e7\u00e3o<\/strong><\/p>\n\n\n\n<p class=\"has-text-align-center has-ast-global-color-6-color has-text-color has-large-font-size\"><strong>Rua jundiai 73 boqueir\u00e3o, Praia Grande<\/strong><\/p>\n\n\n\n<p class=\"has-text-align-center has-ast-global-color-6-color has-text-color has-large-font-size\"><strong>Telefones (13) 3357-3666 <\/strong><\/p>\n\n\n\n<p class=\"has-text-align-center has-ast-global-color-6-color has-text-color has-large-font-size\"><strong><a href=\"https:\/\/api.whatsapp.com\/send?phone=13991423870\" data-type=\"URL\" data-id=\"https:\/\/api.whatsapp.com\/send?phone=13991423870\" target=\"_blank\" rel=\"noreferrer noopener\">WhatsApp: (13) 99142-3870<\/a><\/strong><\/p>\n<\/div>\n","protected":false},"excerpt":{"rendered":"<p>O novo site do Frang\u00e3o Assado est\u00e1 em contru\u00e7\u00e3o Rua jundiai 73 boqueir\u00e3o, Praia Grande Telefones (13) 3357-3666 WhatsApp: (13) 99142-3870<\/p>\n","protected":false},"author":1,"featured_media":0,"parent":0,"menu_order":0,"comment_status":"closed","ping_status":"closed","template":"","meta":{"_uag_custom_page_level_css":"","site-sidebar-layout":"no-sidebar","site-content-layout":"plain-container","ast-global-header-display":"","ast-banner-title-visibility":"","ast-main-header-display":"","ast-hfb-above-header-display":"","ast-hfb-below-header-display":"","ast-hfb-mobile-header-display":"","site-post-title":"disabled","ast-breadcrumbs-content":"","ast-featured-img":"disabled","footer-sml-layout":"","theme-transparent-header-meta":"enabled","adv-header-id-meta":"","stick-header-meta":"","header-above-stick-meta":"","header-main-stick-meta":"","header-below-stick-meta":"","footnotes":""},"class_list":["post-366","page","type-page","status-publish","hentry"],"uagb_featured_image_src":{"full":false,"thumbnail":false,"medium":false,"medium_large":false,"large":false,"1536x1536":false,"2048x2048":false},"uagb_author_info":{"display_name":"fapari.sp","author_link":"https:\/\/frangaoassado.com.br\/?author=1"},"uagb_comment_info":0,"uagb_excerpt":"O novo site do Frang\u00e3o Assado est\u00e1 em contru\u00e7\u00e3o Rua jundiai 73 boqueir\u00e3o, Praia Grande Telefones (13) 3357-3666 WhatsApp: (13) 99142-3870","_links":{"self":[{"href":"https:\/\/frangaoassado.com.br\/index.php?rest_route=\/wp\/v2\/pages\/366","targetHints":{"allow":["GET"]}}],"collection":[{"href":"https:\/\/frangaoassado.com.br\/index.php?rest_route=\/wp\/v2\/pages"}],"about":[{"href":"https:\/\/frangaoassado.com.br\/index.php?rest_route=\/wp\/v2\/types\/page"}],"author":[{"embeddable":true,"href":"https:\/\/frangaoassado.com.br\/index.php?rest_route=\/wp\/v2\/users\/1"}],"replies":[{"embeddable":true,"href":"https:\/\/frangaoassado.com.br\/index.php?rest_route=%2Fwp%2Fv2%2Fcomments&post=366"}],"version-history":[{"count":21,"href":"https:\/\/frangaoassado.com.br\/index.php?rest_route=\/wp\/v2\/pages\/366\/revisions"}],"predecessor-version":[{"id":1316,"href":"https:\/\/frangaoassado.com.br\/index.php?rest_route=\/wp\/v2\/pages\/366\/revisions\/1316"}],"wp:attachment":[{"href":"https:\/\/frangaoassado.com.br\/index.php?rest_route=%2Fwp%2Fv2%2Fmedia&parent=366"}],"curies":[{"name":"wp","href":"https:\/\/api.w.org\/{rel}","templated":true}]}}